{"id":1138,"date":"2025-07-01T15:05:19","date_gmt":"2025-07-01T13:05:19","guid":{"rendered":"https:\/\/www.faitesdelascience.com\/?page_id=1138"},"modified":"2025-07-01T15:09:57","modified_gmt":"2025-07-01T13:09:57","slug":"palmares-2026","status":"publish","type":"page","link":"https:\/\/www.faitesdelascience.com\/?page_id=1138","title":{"rendered":"Palmar\u00e8s 2026"},"content":{"rendered":"\n<p><\/p>\n\n\n<p><\/p>\n<p>Informations non encore communiqu\u00e9es<\/p>\n<hr \/>\n<p>\n\n<\/p>\n<p>Retrouvez les palmar\u00e8s des ann\u00e9es pr\u00e9c\u00e9dentes<br \/><a href=\"https:\/\/www.faitesdelascience.com\/?page_id=446\" data-type=\"page\" data-id=\"446\">2022<\/a>, <a href=\"https:\/\/www.faitesdelascience.com\/?page_id=739\" data-type=\"page\" data-id=\"739\">2023<\/a>, <a href=\"https:\/\/www.faitesdelascience.com\/?page_id=125\" data-type=\"page\" data-id=\"125\">2024<\/a> et <a href=\"https:\/\/www.faitesdelascience.com\/?page_id=972\" data-type=\"page\" data-id=\"972\">2025<\/a><\/p>\n<p><\/p>","protected":false},"excerpt":{"rendered":"<p>Informations non encore communiqu\u00e9es Retrouvez les palmar\u00e8s des ann\u00e9es pr\u00e9c\u00e9dentes2022, 2023, 2024 et 2025<\/p>\n","protected":false},"author":2,"featured_media":0,"parent":0,"menu_order":0,"comment_status":"closed","ping_status":"closed","template":"","meta":{"footnotes":""},"_links":{"self":[{"href":"https:\/\/www.faitesdelascience.com\/index.php?rest_route=\/wp\/v2\/pages\/1138"}],"collection":[{"href":"https:\/\/www.faitesdelascience.com\/index.php?rest_route=\/wp\/v2\/pages"}],"about":[{"href":"https:\/\/www.faitesdelascience.com\/index.php?rest_route=\/wp\/v2\/types\/page"}],"author":[{"embeddable":true,"href":"https:\/\/www.faitesdelascience.com\/index.php?rest_route=\/wp\/v2\/users\/2"}],"replies":[{"embeddable":true,"href":"https:\/\/www.faitesdelascience.com\/index.php?rest_route=%2Fwp%2Fv2%2Fcomments&post=1138"}],"version-history":[{"count":3,"href":"https:\/\/www.faitesdelascience.com\/index.php?rest_route=\/wp\/v2\/pages\/1138\/revisions"}],"predecessor-version":[{"id":1142,"href":"https:\/\/www.faitesdelascience.com\/index.php?rest_route=\/wp\/v2\/pages\/1138\/revisions\/1142"}],"wp:attachment":[{"href":"https:\/\/www.faitesdelascience.com\/index.php?rest_route=%2Fwp%2Fv2%2Fmedia&parent=1138"}],"curies":[{"name":"wp","href":"https:\/\/api.w.org\/{rel}","templated":true}]}}