{"id":115,"date":"2020-06-03T17:21:46","date_gmt":"2020-06-03T15:21:46","guid":{"rendered":"https:\/\/www.faitesdelascience.com\/?page_id=115"},"modified":"2025-09-26T13:43:13","modified_gmt":"2025-09-26T11:43:13","slug":"finale-nationale","status":"publish","type":"page","link":"https:\/\/www.faitesdelascience.com\/?page_id=115","title":{"rendered":"Finale nationale"},"content":{"rendered":"<p>Le 19e concours national \u00ab Faites de la science \u00bb sera organis\u00e9 par l&rsquo;Universit\u00e9 de Brest dans les locaux de la Facult\u00e9 des Sciences et Techniques. Il aura lieu le vendredi 5 juin 2025.<\/p>\n<p>Les informations relatives \u00e0 cet \u00e9v\u00e9nement seront publi\u00e9es progressivement.<\/p>\n<p>&nbsp;<\/p>\n","protected":false},"excerpt":{"rendered":"<p>Le 19e concours national \u00ab Faites de la science \u00bb sera organis\u00e9 par l&rsquo;Universit\u00e9 de Brest dans les locaux de la Facult\u00e9 des Sciences et Techniques. Il aura lieu le vendredi 5 juin 2025. Les informations relatives \u00e0 cet \u00e9v\u00e9nement seront publi\u00e9es progressivement. &nbsp;<\/p>\n","protected":false},"author":2,"featured_media":0,"parent":0,"menu_order":0,"comment_status":"closed","ping_status":"closed","template":"","meta":{"footnotes":""},"_links":{"self":[{"href":"https:\/\/www.faitesdelascience.com\/index.php?rest_route=\/wp\/v2\/pages\/115"}],"collection":[{"href":"https:\/\/www.faitesdelascience.com\/index.php?rest_route=\/wp\/v2\/pages"}],"about":[{"href":"https:\/\/www.faitesdelascience.com\/index.php?rest_route=\/wp\/v2\/types\/page"}],"author":[{"embeddable":true,"href":"https:\/\/www.faitesdelascience.com\/index.php?rest_route=\/wp\/v2\/users\/2"}],"replies":[{"embeddable":true,"href":"https:\/\/www.faitesdelascience.com\/index.php?rest_route=%2Fwp%2Fv2%2Fcomments&post=115"}],"version-history":[{"count":56,"href":"https:\/\/www.faitesdelascience.com\/index.php?rest_route=\/wp\/v2\/pages\/115\/revisions"}],"predecessor-version":[{"id":1155,"href":"https:\/\/www.faitesdelascience.com\/index.php?rest_route=\/wp\/v2\/pages\/115\/revisions\/1155"}],"wp:attachment":[{"href":"https:\/\/www.faitesdelascience.com\/index.php?rest_route=%2Fwp%2Fv2%2Fmedia&parent=115"}],"curies":[{"name":"wp","href":"https:\/\/api.w.org\/{rel}","templated":true}]}}