{"id":119,"date":"2020-06-03T17:22:38","date_gmt":"2020-06-03T15:22:38","guid":{"rendered":"https:\/\/www.faitesdelascience.com\/?page_id=119"},"modified":"2025-09-26T13:02:15","modified_gmt":"2025-09-26T11:02:15","slug":"luniversite-organisatrice","status":"publish","type":"page","link":"https:\/\/www.faitesdelascience.com\/?page_id=119","title":{"rendered":"L&rsquo;universit\u00e9 organisatrice"},"content":{"rendered":"<p>Le 19e concours national \u00ab\u00a0Faites de la science\u00a0\u00bb sera organis\u00e9 par la facult\u00e9 des sciences et techniques de l&rsquo;universit\u00e9 de Bretagne occidentale le 6 juin 2026. Les informations seront affich\u00e9es ult\u00e9rieurement.<\/p>\n<p>Contact : <strong><a href=\"mailto:concours.fds2026@univ-brest.fr\">concours.fds2026@univ-brest.fr<\/a><\/strong>\u00a0<\/p>\n<div style=\"width: 620px;\" class=\"wp-video\"><!--[if lt IE 9]><script>document.createElement('video');<\/script><![endif]-->\n<video class=\"wp-video-shortcode\" id=\"video-119-1\" width=\"620\" height=\"349\" preload=\"metadata\" controls=\"controls\"><source type=\"video\/mp4\" src=\"https:\/\/www.faitesdelascience.com\/wp-content\/uploads\/2025\/09\/Faites-de-la-Science-2026\u2026-Cap-a-lOuest-V3.mp4?_=1\" \/><a href=\"https:\/\/www.faitesdelascience.com\/wp-content\/uploads\/2025\/09\/Faites-de-la-Science-2026\u2026-Cap-a-lOuest-V3.mp4\">https:\/\/www.faitesdelascience.com\/wp-content\/uploads\/2025\/09\/Faites-de-la-Science-2026\u2026-Cap-a-lOuest-V3.mp4<\/a><\/video><\/div>\n<p>&nbsp;<\/p>\n\n\n<p><\/p>\n\n\n\n<p class=\"has-text-align-center\"><\/p>\n\n\n\n<p><\/p>\n","protected":false},"excerpt":{"rendered":"<p>Le 19e concours national \u00ab\u00a0Faites de la science\u00a0\u00bb sera organis\u00e9 par la facult\u00e9 des sciences et techniques de l&rsquo;universit\u00e9 de Bretagne occidentale le 6 juin 2026. Les informations seront affich\u00e9es ult\u00e9rieurement. Contact : concours.fds2026@univ-brest.fr\u00a0 &nbsp;<\/p>\n","protected":false},"author":2,"featured_media":0,"parent":0,"menu_order":0,"comment_status":"closed","ping_status":"closed","template":"","meta":{"footnotes":""},"_links":{"self":[{"href":"https:\/\/www.faitesdelascience.com\/index.php?rest_route=\/wp\/v2\/pages\/119"}],"collection":[{"href":"https:\/\/www.faitesdelascience.com\/index.php?rest_route=\/wp\/v2\/pages"}],"about":[{"href":"https:\/\/www.faitesdelascience.com\/index.php?rest_route=\/wp\/v2\/types\/page"}],"author":[{"embeddable":true,"href":"https:\/\/www.faitesdelascience.com\/index.php?rest_route=\/wp\/v2\/users\/2"}],"replies":[{"embeddable":true,"href":"https:\/\/www.faitesdelascience.com\/index.php?rest_route=%2Fwp%2Fv2%2Fcomments&post=119"}],"version-history":[{"count":44,"href":"https:\/\/www.faitesdelascience.com\/index.php?rest_route=\/wp\/v2\/pages\/119\/revisions"}],"predecessor-version":[{"id":1153,"href":"https:\/\/www.faitesdelascience.com\/index.php?rest_route=\/wp\/v2\/pages\/119\/revisions\/1153"}],"wp:attachment":[{"href":"https:\/\/www.faitesdelascience.com\/index.php?rest_route=%2Fwp%2Fv2%2Fmedia&parent=119"}],"curies":[{"name":"wp","href":"https:\/\/api.w.org\/{rel}","templated":true}]}}