{"id":125,"date":"2020-06-03T17:25:37","date_gmt":"2020-06-03T15:25:37","guid":{"rendered":"https:\/\/www.faitesdelascience.com\/?page_id=125"},"modified":"2024-06-12T16:29:37","modified_gmt":"2024-06-12T14:29:37","slug":"palmares","status":"publish","type":"page","link":"https:\/\/www.faitesdelascience.com\/?page_id=125","title":{"rendered":"Palmar\u00e8s 2024"},"content":{"rendered":"<p>R\u00e9sultats de la 17e \u00e9dition organis\u00e9e \u00e0 Nantes Universit\u00e9<\/p>\n<p><strong>Premier prix<\/strong><br \/>Coll\u00e8ge Henri Tomasi de Penta di Casinca (2B Haute Corse) &#8211; Universit\u00e9 de Corte<br \/><em>Projet \u00ab\u00a0Le Super Sucre\u00a0\u00bb<\/em><\/p>\n<p><strong>Deuxi\u00e8me prix<\/strong><br \/>Lyc\u00e9e Henri Matisse de Vence (83) &#8211; Universit\u00e9 de Toulon<br \/><em>Projet \u00ab\u00a0Hydrozeppelin\u00a0\u00bb\u00a0<\/em><\/p>\n<p><strong>Troisi\u00e8me prix<\/strong><br \/>Coll\u00e8ge Lucie Aubrac de Rieupeyroux (12) &#8211; Universit\u00e9 de Toulouse III &#8211; Paul Sabatier<br \/><em>Projet \u00ab\u00a0Tous de m\u00e8che pour recycler\u00a0\u00bb<br \/><\/em><\/p>\n<p><strong>Prix du d\u00e9veloppement durable<\/strong><br \/>Coll\u00e8ge Pierre Loti de Rochefort (17) &#8211; Universit\u00e9 de La Rochelle<em><br \/>Projet \u00ab\u00a0Airs de futur\u00a0\u00bb<\/em><\/p>\n<p><strong>Prix de l&rsquo;originalit\u00e9<\/strong><br \/>Coll\u00e8ge Pesquier de Gardanne (13) &#8211; Universit\u00e9 d&rsquo;Aix-Marseille<br \/><em>Projet \u00ab\u00a0L&rsquo;ESPADON : un chasseur marin ? Enqu\u00eate de v\u00e9rit\u00e9\u00a0\u00bb<\/em><\/p>\n<p><strong>Prix des inspirateurs de demain<\/strong><br \/>Lyc\u00e9e Andr\u00e9 Theuriet de Civray (86) &#8211; Universit\u00e9 de Poitiers<br \/><em>Projet \u00ab\u00a0Laver \u00e0 l&rsquo;eau d\u00e9gaz\u00e9e\u00a0\u00bb<\/em><\/p>\n<p><strong>Prix de l&rsquo;esprit d&rsquo;\u00e9quipe<\/strong><br \/>Coll\u00e8ge Victoire Daubi\u00e9 de Plouzan\u00e9 (29) &#8211; Universit\u00e9 de Bretagne occidentale<br \/><em>Projet \u00ab\u00a0Alb\u00e9do, temp\u00e9rature et climat : plus \u00e7a va mal&#8230; plus \u00e7a va mal !\u00a0\u00bb<\/em><\/p>\n<p><strong>Prix du raisonnement scientifique<\/strong><br \/>Coll\u00e8ge de l\u2019Angl\u00e9e de Sainte-Hermine (85) &#8211; Nantes Universit\u00e9<br \/><em>Projet \u00ab\u00a0Comment rendre quelque chose invisible ?\u00a0\u00bb<\/em><\/p>\n<p><strong>Prix de la conception technologique<\/strong><br \/>Lyc\u00e9e St Jean-Baptiste Dumas de Al\u00e8s (30) &#8211; Universit\u00e9 de Montpellier<br \/><em>Projet \u00ab\u00a0Assister les d\u00e9cisions arbitrales au handball\u00a0\u00bb<\/em><\/p>\n<p><strong>Prix de la physique<\/strong><br \/>Coll\u00e8ge Jean Jaur\u00e8s de Montfermeil (93) &#8211; Universit\u00e9 Paris-Est Cr\u00e9teil<br \/><em>Projet \u00ab\u00a0Comment optimiser les lancers de nos athl\u00e8tes aux JO ?\u00a0\u00bb<\/em><\/p>\n<p><strong>Prix de l&rsquo;id\u00e9e technologique<\/strong><br \/>Coll\u00e8ge de la Triouzoune de Neuvic (19) &#8211; Universit\u00e9 de Limoges<br \/><em>Projet \u00ab\u00a0Campagnol fais-toi peur !\u00a0\u00bb<\/em><\/p>\n<p><strong>Prix de la meilleure maquette<\/strong><br \/>Coll\u00e8ge Simone Veil de Wassigny (02) &#8211; Universit\u00e9 d&rsquo;Amiens<br \/><em>Projet \u00ab\u00a0Produire naturellement sa propre \u00e9lectricit\u00e9\u00a0\u00bb<\/em><\/p>\n<p><strong>Prix de l&rsquo;\u00e9cologie<\/strong><br \/>\u00a0Coll\u00e8ge Notre-Dame de Charlieu (42) &#8211; Universit\u00e9 de Saint-Etienne<br \/><em>Projet \u00ab\u00a0A la recherche de mangeurs de plastique pour r\u00e9duire les d\u00e9chets de la cantine\u00a0\u00bb<\/em><\/p>\n<p><strong>Prix de la solidarit\u00e9<\/strong><br \/>Coll\u00e8ge Paul Langevin de Cou\u00ebron (44) &#8211; Universit\u00e9 du Mans<br \/><em>Projet \u00ab\u00a0Le cri des plantes\u00a0\u00bb<\/em><\/p>\n<p><a href=\"https:\/\/www.faitesdelascience.com\/?page_id=739\">&gt; Consulter le palmar\u00e8s de la 16e \u00e9dition (2022-2023)<\/a><br \/><a href=\"https:\/\/www.faitesdelascience.com\/?page_id=446\">&gt; Consulter le palmar\u00e8s de la 15e \u00e9dition (2021-2022)<\/a><\/p>\n\n\n<p><\/p>\n","protected":false},"excerpt":{"rendered":"<p>R\u00e9sultats de la 17e \u00e9dition organis\u00e9e \u00e0 Nantes Universit\u00e9 Premier prixColl\u00e8ge Henri Tomasi de Penta di Casinca (2B Haute Corse) &#8211; Universit\u00e9 de CorteProjet \u00ab\u00a0Le Super Sucre\u00a0\u00bb Deuxi\u00e8me prixLyc\u00e9e Henri Matisse de Vence (83) &#8211; Universit\u00e9 de ToulonProjet \u00ab\u00a0Hydrozeppelin\u00a0\u00bb\u00a0 Troisi\u00e8me prixColl\u00e8ge Lucie Aubrac de Rieupeyroux (12) &#8211; Universit\u00e9 de Toulouse III &#8211; Paul SabatierProjet \u00ab\u00a0Tous [&hellip;]<\/p>\n","protected":false},"author":2,"featured_media":0,"parent":0,"menu_order":0,"comment_status":"closed","ping_status":"closed","template":"","meta":{"footnotes":""},"_links":{"self":[{"href":"https:\/\/www.faitesdelascience.com\/index.php?rest_route=\/wp\/v2\/pages\/125"}],"collection":[{"href":"https:\/\/www.faitesdelascience.com\/index.php?rest_route=\/wp\/v2\/pages"}],"about":[{"href":"https:\/\/www.faitesdelascience.com\/index.php?rest_route=\/wp\/v2\/types\/page"}],"author":[{"embeddable":true,"href":"https:\/\/www.faitesdelascience.com\/index.php?rest_route=\/wp\/v2\/users\/2"}],"replies":[{"embeddable":true,"href":"https:\/\/www.faitesdelascience.com\/index.php?rest_route=%2Fwp%2Fv2%2Fcomments&post=125"}],"version-history":[{"count":31,"href":"https:\/\/www.faitesdelascience.com\/index.php?rest_route=\/wp\/v2\/pages\/125\/revisions"}],"predecessor-version":[{"id":917,"href":"https:\/\/www.faitesdelascience.com\/index.php?rest_route=\/wp\/v2\/pages\/125\/revisions\/917"}],"wp:attachment":[{"href":"https:\/\/www.faitesdelascience.com\/index.php?rest_route=%2Fwp%2Fv2%2Fmedia&parent=125"}],"curies":[{"name":"wp","href":"https:\/\/api.w.org\/{rel}","templated":true}]}}