{"id":131,"date":"2020-06-03T17:28:13","date_gmt":"2020-06-03T15:28:13","guid":{"rendered":"https:\/\/www.faitesdelascience.com\/?page_id=131"},"modified":"2025-06-18T23:35:39","modified_gmt":"2025-06-18T21:35:39","slug":"historique","status":"publish","type":"page","link":"https:\/\/www.faitesdelascience.com\/?page_id=131","title":{"rendered":"Historique"},"content":{"rendered":"<p><strong>Liste des finales pass\u00e9es<\/strong><\/p>\n<p>2025<br \/><a href=\"https:\/\/www.univ-tlse3.fr\/\"><strong>Universit\u00e9 de Toulouse<\/strong><\/a><br \/><strong>1er prix :<\/strong> coll\u00e8ge Charles Le Goffic de Lannion (22) &#8211; Universit\u00e9 de Bretagne occidentale<br \/><strong>Projet :<\/strong> \u00ab\u00a0Peut-on faire voler un ballon sur Mars pour cartographier la surface ?\u00a0\u00bb<br \/><a href=\"https:\/\/www.faitesdelascience.com\/?page_id=972\">Voir le palmar\u00e8s complet<\/a><\/p>\n<hr \/>\n<p><strong>2024<\/strong><br \/><strong><a href=\"https:\/\/www.univ-nantes.fr\/\">Nantes Universit\u00e9\u00a0<\/a><\/strong><br \/><strong>1er prix :<\/strong> coll\u00e8ge Henri Tomasi de Penta di Casinca (2B Haute Corse) &#8211; Universit\u00e9 de Corte<br \/><strong>Projet :<\/strong> \u00ab\u00a0Le Super Sucre\u00a0\u00bb<br \/><a href=\"https:\/\/www.faitesdelascience.com\/?page_id=125\">Voir le palmar\u00e8s complet<\/a><\/p>\n<hr \/>\n<p><strong>2023<br \/><a href=\"https:\/\/sciences-tech.u-pec.fr\/\">Universit\u00e9 Paris-Est Cr\u00e9teil &#8211; Facult\u00e9 des sciences et technologie<\/a><br \/>1er prix : <\/strong>coll\u00e8ge Charles Le Goffic de Lannion (22) &#8211; Universit\u00e9 de Bretagne occidentale<strong><br \/>Projet : <\/strong>\u00ab\u00a0Du lait au yaourt&#8230; et au-del\u00e0\u00a0\u00bb<strong><br \/><\/strong><a href=\"https:\/\/www.faitesdelascience.com\/?page_id=739\">Voir le palmar\u00e8s complet<\/a><strong><br \/><\/strong><\/p>\n<hr \/>\n<p><strong>2022<\/strong><br \/><a href=\"https:\/\/www.u-picardie.fr\/ufr\/sciences\/accueil\/ufr-des-sciences-105111.kjsp\"><strong><span style=\"color: #993366;\">Universit\u00e9 Picardie Jules Verne &#8211; Facult\u00e9 des sciences<\/span><\/strong><\/a><br \/><strong>1er prix<\/strong> : coll\u00e8ge Lucie Aubrac de Rieupeyroux (12) &#8211; Universit\u00e9 de Toulouse<br \/><strong>Projet<\/strong> : \u00ab\u00a0M\u00eame pas marre du brouillard\u00a0\u00bb<br \/><a href=\"https:\/\/www.faitesdelascience.com\/?page_id=446\">Voir le palmar\u00e8s complet<\/a><\/p>\n<hr \/>\n<p><strong>2021<\/strong><br \/>Finale annul\u00e9e en raison de la COVID 19<\/p>\n<hr \/>\n<p><strong>2020 <\/strong><br \/>Finale annul\u00e9e en raison de la COVID 19<\/p>\n<hr \/>\n<p><strong>2019 <br \/><a href=\"https:\/\/www.univ-ubs.fr\/fr\/index.htm\"><span style=\"color: #800080;\"><span style=\"color: #993366;\">Universit\u00e9 de Bretagne Sud<\/span><\/span><\/a> &#8211; <span style=\"color: #993366;\"><a style=\"color: #993366;\" href=\"https:\/\/www-facultesciences.univ-ubs.fr\/fr\/index.html\">Facult\u00e9 des sciences et sciences de l&rsquo;ing\u00e9nieur<\/a><\/span><br \/><\/strong><strong>1er prix :<\/strong> coll\u00e8ge Antoine Courri\u00e8re de Cuxac Cabard\u00e8s &#8211; Universit\u00e9 de Montpellier<br \/><strong>Projet :<\/strong> \u00ab\u00a0Le blob, une intelligence sans cerveau ?\u00a0\u00bb<\/p>\n<hr \/>\n<p><strong>2018 <br \/><a href=\"https:\/\/www.universita.corsica\/fr\/\"><span style=\"color: #800080;\"><span style=\"color: #993366;\">Universit\u00e9 de Corte<\/span><\/span><\/a> &#8211; <span style=\"color: #800080;\"><a style=\"color: #800080;\" href=\"https:\/\/fst.universita.corsica\/\"><span style=\"color: #993366;\">Facult\u00e9 des sciences et techniques<\/span><\/a><\/span><\/strong><br \/><strong>1er prix :<\/strong> lyc\u00e9e de la C\u00f4ti\u00e8re de La Boisse &#8211; Universit\u00e9 de Saint-Etienne<br \/><strong>Projet : <\/strong>\u00ab\u00a0Eye print \u2013 Imprimer des documents en braille\u00a0\u00bb<\/p>\n<hr \/>\n<p><strong>2017<br \/><a href=\"https:\/\/www.universite-paris-saclay.fr\/\"><span style=\"color: #800080;\"><span style=\"color: #993366;\">Universit\u00e9 Paris-Saclay<\/span><\/span><\/a> &#8211; <a href=\"http:\/\/www.sciences.universite-paris-saclay.fr\/fr\/index.html\"><span style=\"color: #800080;\"><span style=\"color: #993366;\">Facult\u00e9 des sciences<\/span><\/span><\/a><\/strong><br \/><strong>1er prix<\/strong> <strong>:<\/strong> lyc\u00e9e Talensac de Nantes &#8211; Universit\u00e9 de Nantes<br \/><strong>Projet :<\/strong> \u00ab\u00a0La poubelle \u00e9cologique : comment les vers peuvent-ils d\u00e9grader le polystyr\u00e8ne ?\u00a0\u00bb<\/p>\n<hr \/>\n<p><strong>2016 <br \/><a href=\"https:\/\/www.univ-st-etienne.fr\/fr\/index.html\"><span style=\"color: #800080;\"><span style=\"color: #993366;\">Universit\u00e9 Jean Monnet de Saint-Etienne<\/span><\/span><\/a> &#8211; <a href=\"https:\/\/fac-sciences.univ-st-etienne.fr\/fr\/index.html\"><span style=\"color: #800080;\"><span style=\"color: #993366;\">Facult\u00e9 des sciences et techniques<\/span><\/span><\/a><\/strong><br \/><strong>1er prix :<\/strong> coll\u00e8ge Fran\u00e7ois Verdier de L\u00e9guevin &#8211; Universit\u00e9 de Toulouse 3<br \/><strong>Projet :<\/strong> \u00ab\u00a0Pourquoi les radis piquent-ils ? Ou comment produire des radis qui ne piquent pas ?\u00a0\u00bb<\/p>\n<hr \/>\n<p><strong>2015 <br \/><a href=\"https:\/\/www.umontpellier.fr\/\"><span style=\"color: #800080;\"><span style=\"color: #993366;\">Universit\u00e9 de Montpellier<\/span><\/span><\/a> &#8211; <a href=\"https:\/\/sciences.edu.umontpellier.fr\/\"><span style=\"color: #800080;\"><span style=\"color: #993366;\">Facult\u00e9 des sciences<\/span><\/span><\/a><\/strong><br \/><strong>1er prix\u00a0 cat\u00e9gorie \u00ab\u00a0Ing\u00e9nierie pour la sant\u00e9\u00a0\u00bb :<\/strong> lyc\u00e9e Saint Fran\u00e7ois de Salles de Troyes &#8211; Universit\u00e9 Paris-Est Cr\u00e9teil<br \/><strong>Projet :<\/strong> Distrib Medic<\/p>\n<p><strong>1er prix cat\u00e9gorie \u00ab\u00a0Hautes technologies\u00a0\u00bb :<\/strong> lyc\u00e9e Paul Gu\u00e9rin de Niort &#8211; Universit\u00e9 de La Rochelle<br \/><strong>Projet :<\/strong> Indicateur de vitesse d&rsquo;un volant de badminton (I2VB)<\/p>\n<p><strong>1er prix cat\u00e9gorie \u00ab\u00a0Informatique &#8211; Robotique\u00a0\u00bb<\/strong> : lyc\u00e9e d&rsquo;Altitude de Brian\u00e7on- Universit\u00e9 d&rsquo;Aix-Marseille<br \/><strong>Projet :<\/strong> Mod\u00e9lisation de la croissance des v\u00e9g\u00e9taux<\/p>\n<p><strong>1er prix cat\u00e9gorie \u00ab\u00a0Biologie-D\u00e9veloppement durable\u00a0\u00bb<\/strong> : coll\u00e8ge Olivier de Serres de Viry-Chatillon &#8211; Universit\u00e9 d&rsquo;Evry Val d&rsquo;Essonne<br \/><strong>Projet :<\/strong> Il faut sauver les grenouilles tropicales du champignon chytride<\/p>\n<p><strong>1er prix cat\u00e9gorie \u00ab\u00a0Physique exp\u00e9rimentale\u00a0\u00bb : <\/strong>lyc\u00e9e Pilote Innovant International de Jaunay-Clan &#8211; Universit\u00e9 de Poitiers<br \/><strong>Projet :<\/strong> Egoutte l&rsquo;\u00e9coute<\/p>\n<p><strong>1er prix cat\u00e9gorie Illu-Son :<\/strong> coll\u00e8ge Louis Lumi\u00e8re de Marly-le-Roi &#8211; Universit\u00e9 Paris Sud<br \/><strong>Projet :<\/strong> Peut-on voir le son ?<\/p>\n<hr \/>\n<p><strong>2014<br \/><a href=\"https:\/\/www.umontpellier.fr\/\"><span style=\"color: #800080;\"><span style=\"color: #993366;\">Universit\u00e9 de Montpellier<\/span><\/span><\/a> &#8211; <a href=\"https:\/\/sciences.edu.umontpellier.fr\/\"><span style=\"color: #800080;\"><span style=\"color: #993366;\">Facult\u00e9 des sciences<\/span><\/span><\/a><\/strong><br \/><strong>1er prix :<\/strong> coll\u00e8ge les Guilleraults de Pouilly-sur-Loire &#8211; Universit\u00e9 de Bourgogne<br \/><strong>Projet :<\/strong> \u00ab\u00a0La 3D urbaine, comment \u00e7a marche ?\u00a0\u00bb<\/p>\n<hr \/>\n<p><strong>2013<br \/><a href=\"https:\/\/www.univ-larochelle.fr\/\"><span style=\"color: #800080;\"><span style=\"color: #993366;\">Universit\u00e9 de la Rochelle<\/span><\/span><\/a> &#8211; <a href=\"https:\/\/sciences.univ-larochelle.fr\/\/\"><span style=\"color: #993366;\">Facult\u00e9 des sciences et techniques<\/span><\/a><\/strong><br \/><strong>1er prix :<\/strong> coll\u00e8ge Nicolas Cont\u00e9 de R\u00e9gny &#8211; Universit\u00e9 Jean Monnet de Saint-Etienne<br \/><strong>Projet :<\/strong> \u00ab\u00a0Fleurs : imiter la nature et pourquoi pas mieux ?\u00a0\u00bb<\/p>\n<hr \/>\n<p><strong>2012<br \/><a href=\"https:\/\/www.univ-poitiers.fr\"><span style=\"color: #800080;\"><span style=\"color: #993366;\">Universit\u00e9 de Poitiers<\/span><\/span><\/a> &#8211; <span style=\"color: #800080;\"><a style=\"color: #800080;\" href=\"http:\/\/sfa.univ-poitiers.fr\/\"><span style=\"color: #993366;\">Facult\u00e9 des sciences fondamentales et appliqu\u00e9es<\/span><\/a><\/span><\/strong><br \/><strong>1er prix :<\/strong> lyc\u00e9e L\u00e9onard de Vinci de Montaigu &#8211; Universit\u00e9 de Nantes<br \/><strong>Projet :<\/strong> \u00ab\u00a0Comment d\u00e9terminer la nature g\u00e9ologique de la surface de la lune \u00e0 l&rsquo;aide de la lumi\u00e8re<\/p>\n<p><strong>2011<br \/><\/strong><strong><span style=\"color: #993366;\"><a style=\"color: #993366;\" href=\"https:\/\/www.univ-poitiers.fr\">Universit\u00e9 de Poitiers<\/a> <\/span>&#8211; <a href=\"http:\/\/sfa.univ-poitiers.fr\/\"><span style=\"color: #800080;\"><span style=\"color: #993366;\">Facult\u00e9 des sciences fondamentales et appliqu\u00e9es<\/span><\/span><\/a><br \/>1er prix : <\/strong>coll\u00e8ge Henri Wallon de Marseille &#8211; Universit\u00e9s Aix-Marseille I, II et III)<br \/><strong>Projet :<\/strong> \u00ab\u00a0Des pavages \u00e0 l&rsquo;Alhambra\u00a0\u00bb<\/p>\n<hr \/>\n<p><strong>2010<br \/><a href=\"https:\/\/cdus.fr\"><span style=\"color: #993366;\">CDUS<\/span><\/a> &#8211; <span style=\"color: #993366;\"><a style=\"color: #993366;\" href=\"http:\/\/www.cite-sciences.fr\/fr\/accueil\/\">Cit\u00e9 des sciences et de l&rsquo;industrie \u00e0 Paris<\/a><\/span><\/strong><br \/><strong>1er prix :<\/strong> lyc\u00e9e pilote innovant international du Futuroscope\u00a0 de Jaunay-Clan &#8211; Universit\u00e9 de Poitiers<br \/><strong>Projet :<\/strong> \u00ab\u00a0L&rsquo;univers des particules\u00a0\u00bb<\/p>\n<hr \/>\n<p><strong>2009 <br \/><a href=\"https:\/\/cdus.fr\"><span style=\"color: #993366;\">CDUS<\/span><\/a> &#8211; <span style=\"color: #993366;\"><a style=\"color: #993366;\" href=\"https:\/\/fr.unesco.org\/about-us\/unesco-house\">Si\u00e8ge de l&rsquo;UNESCO \u00e0 Paris<\/a><\/span><\/strong><br \/><strong>1er prix :<\/strong> coll\u00e8ge Albert Camus de Miramas &#8211; Universit\u00e9s Aix-Marseille I, II et III<br \/><strong>Projet :<\/strong> \u00ab\u00a0D&rsquo;\u00e9tranges g\u00e9om\u00e9tries : du Vend\u00e9e Globe aux trous noirs\u00a0\u00bb<\/p>\n<hr \/>\n<p><strong>2008 <br \/><a href=\"https:\/\/cdus.fr\"><span style=\"color: #993366;\">CDUS<\/span><\/a> &#8211; <span style=\"color: #993366;\"><a style=\"color: #993366;\" href=\"https:\/\/www.cnrs.fr\/paris-michel-ange\/spip.php?article748\">Si\u00e8ge du CNRS \u00e0 Paris<\/a><\/span><\/strong><br \/><strong>1er prix :<\/strong> coll\u00e8ge Albert Camus de Miramas &#8211; Universit\u00e9s Aix-Marseille I, II et III<br \/><strong>Projet :<\/strong> \u00ab\u00a0Math\u00e9matiques et mod\u00e9lisation 3D sur Blender\u00a0\u00bb<\/p>\n<hr \/>\n<p><strong>2007<br \/><a href=\"https:\/\/cdus.fr\"><span style=\"color: #993366;\">CDUS<\/span><\/a> &#8211; <span style=\"color: #993366;\"><a style=\"color: #993366;\" href=\"http:\/\/www.palais-decouverte.fr\/fr\/accueil\/\">Palais de la d\u00e9couverte \u00e0 Paris<\/a><\/span><\/strong><br \/><strong>1er prix :<\/strong> information non disponible<br \/><strong>Projet :<\/strong> information non disponible<\/p>\n<hr \/>\n<p><strong>2006<br \/><a href=\"https:\/\/cdus.fr\"><span style=\"color: #993366;\">CDUS<\/span><\/a> &#8211; <a href=\"http:\/\/www.palais-decouverte.fr\/fr\/accueil\/\"><span style=\"color: #993366;\">Palais de la d\u00e9couverte \u00e0 Paris<\/span><\/a><\/strong><br \/><strong>1er prix :<\/strong> information non disponible<br \/><strong>Projet :<\/strong> information non disponible<\/p>\n\n\n<p><\/p>\n\n\n\n<p><\/p>\n","protected":false},"excerpt":{"rendered":"<p>Liste des finales pass\u00e9es 2025Universit\u00e9 de Toulouse1er prix : coll\u00e8ge Charles Le Goffic de Lannion (22) &#8211; Universit\u00e9 de Bretagne occidentaleProjet : \u00ab\u00a0Peut-on faire voler un ballon sur Mars pour cartographier la surface ?\u00a0\u00bbVoir le palmar\u00e8s complet 2024Nantes Universit\u00e9\u00a01er prix : coll\u00e8ge Henri Tomasi de Penta di Casinca (2B Haute Corse) &#8211; Universit\u00e9 de CorteProjet [&hellip;]<\/p>\n","protected":false},"author":2,"featured_media":0,"parent":0,"menu_order":0,"comment_status":"closed","ping_status":"closed","template":"","meta":{"footnotes":""},"_links":{"self":[{"href":"https:\/\/www.faitesdelascience.com\/index.php?rest_route=\/wp\/v2\/pages\/131"}],"collection":[{"href":"https:\/\/www.faitesdelascience.com\/index.php?rest_route=\/wp\/v2\/pages"}],"about":[{"href":"https:\/\/www.faitesdelascience.com\/index.php?rest_route=\/wp\/v2\/types\/page"}],"author":[{"embeddable":true,"href":"https:\/\/www.faitesdelascience.com\/index.php?rest_route=\/wp\/v2\/users\/2"}],"replies":[{"embeddable":true,"href":"https:\/\/www.faitesdelascience.com\/index.php?rest_route=%2Fwp%2Fv2%2Fcomments&post=131"}],"version-history":[{"count":44,"href":"https:\/\/www.faitesdelascience.com\/index.php?rest_route=\/wp\/v2\/pages\/131\/revisions"}],"predecessor-version":[{"id":1091,"href":"https:\/\/www.faitesdelascience.com\/index.php?rest_route=\/wp\/v2\/pages\/131\/revisions\/1091"}],"wp:attachment":[{"href":"https:\/\/www.faitesdelascience.com\/index.php?rest_route=%2Fwp%2Fv2%2Fmedia&parent=131"}],"curies":[{"name":"wp","href":"https:\/\/api.w.org\/{rel}","templated":true}]}}