{"id":134,"date":"2020-06-03T17:28:57","date_gmt":"2020-06-03T15:28:57","guid":{"rendered":"https:\/\/www.faitesdelascience.com\/?page_id=134"},"modified":"2025-09-26T12:58:54","modified_gmt":"2025-09-26T10:58:54","slug":"contacts","status":"publish","type":"page","link":"https:\/\/www.faitesdelascience.com\/?page_id=134","title":{"rendered":"Contacts"},"content":{"rendered":"\n<p>Pour toute information concernant l&rsquo;organisation de la finale nationale \u00e0 l&rsquo;universit\u00e9 de Brest, <br>envoyer un mail \u00e0 <strong><a href=\"mailto:concours.fds2026@univ-brest.fr\">concours.fds2026@univ-brest.fr<\/a><\/strong><\/p>\n\n\n\n<p><\/p>\n","protected":false},"excerpt":{"rendered":"<p>Pour toute information concernant l&rsquo;organisation de la finale nationale \u00e0 l&rsquo;universit\u00e9 de Brest, envoyer un mail \u00e0 concours.fds2026@univ-brest.fr<\/p>\n","protected":false},"author":2,"featured_media":0,"parent":0,"menu_order":0,"comment_status":"closed","ping_status":"closed","template":"","meta":{"footnotes":""},"_links":{"self":[{"href":"https:\/\/www.faitesdelascience.com\/index.php?rest_route=\/wp\/v2\/pages\/134"}],"collection":[{"href":"https:\/\/www.faitesdelascience.com\/index.php?rest_route=\/wp\/v2\/pages"}],"about":[{"href":"https:\/\/www.faitesdelascience.com\/index.php?rest_route=\/wp\/v2\/types\/page"}],"author":[{"embeddable":true,"href":"https:\/\/www.faitesdelascience.com\/index.php?rest_route=\/wp\/v2\/users\/2"}],"replies":[{"embeddable":true,"href":"https:\/\/www.faitesdelascience.com\/index.php?rest_route=%2Fwp%2Fv2%2Fcomments&post=134"}],"version-history":[{"count":14,"href":"https:\/\/www.faitesdelascience.com\/index.php?rest_route=\/wp\/v2\/pages\/134\/revisions"}],"predecessor-version":[{"id":1150,"href":"https:\/\/www.faitesdelascience.com\/index.php?rest_route=\/wp\/v2\/pages\/134\/revisions\/1150"}],"wp:attachment":[{"href":"https:\/\/www.faitesdelascience.com\/index.php?rest_route=%2Fwp%2Fv2%2Fmedia&parent=134"}],"curies":[{"name":"wp","href":"https:\/\/api.w.org\/{rel}","templated":true}]}}