{"id":146,"date":"2020-06-04T17:57:04","date_gmt":"2020-06-04T15:57:04","guid":{"rendered":"https:\/\/www.faitesdelascience.com\/?page_id=146"},"modified":"2020-06-04T17:57:04","modified_gmt":"2020-06-04T15:57:04","slug":"role-de-la-cdus","status":"publish","type":"page","link":"https:\/\/www.faitesdelascience.com\/?page_id=146","title":{"rendered":"R\u00f4le de la CDUS"},"content":{"rendered":"<p>Destin\u00e9 aux \u00e9l\u00e8ves des \u00e9tablissements secondaires, le concours \u00ab\u00a0Faites de la science\u00a0\u00bb est organis\u00e9 sous l\u2019\u00e9gide de la Conf\u00e9rence des Doyens des UFR Scientifiques (<a href=\"https:\/\/cdus.fr\/\">CDUS<\/a>), en partenariat avec les universit\u00e9s.<\/p>\n","protected":false},"excerpt":{"rendered":"<p>Destin\u00e9 aux \u00e9l\u00e8ves des \u00e9tablissements secondaires, le concours \u00ab\u00a0Faites de la science\u00a0\u00bb est organis\u00e9 sous l\u2019\u00e9gide de la Conf\u00e9rence des Doyens des UFR Scientifiques (CDUS), en partenariat avec les universit\u00e9s.<\/p>\n","protected":false},"author":2,"featured_media":0,"parent":0,"menu_order":0,"comment_status":"closed","ping_status":"closed","template":"","meta":{"footnotes":""},"_links":{"self":[{"href":"https:\/\/www.faitesdelascience.com\/index.php?rest_route=\/wp\/v2\/pages\/146"}],"collection":[{"href":"https:\/\/www.faitesdelascience.com\/index.php?rest_route=\/wp\/v2\/pages"}],"about":[{"href":"https:\/\/www.faitesdelascience.com\/index.php?rest_route=\/wp\/v2\/types\/page"}],"author":[{"embeddable":true,"href":"https:\/\/www.faitesdelascience.com\/index.php?rest_route=\/wp\/v2\/users\/2"}],"replies":[{"embeddable":true,"href":"https:\/\/www.faitesdelascience.com\/index.php?rest_route=%2Fwp%2Fv2%2Fcomments&post=146"}],"version-history":[{"count":1,"href":"https:\/\/www.faitesdelascience.com\/index.php?rest_route=\/wp\/v2\/pages\/146\/revisions"}],"predecessor-version":[{"id":147,"href":"https:\/\/www.faitesdelascience.com\/index.php?rest_route=\/wp\/v2\/pages\/146\/revisions\/147"}],"wp:attachment":[{"href":"https:\/\/www.faitesdelascience.com\/index.php?rest_route=%2Fwp%2Fv2%2Fmedia&parent=146"}],"curies":[{"name":"wp","href":"https:\/\/api.w.org\/{rel}","templated":true}]}}