{"id":168,"date":"2020-06-08T12:21:20","date_gmt":"2020-06-08T10:21:20","guid":{"rendered":"https:\/\/www.faitesdelascience.com\/?page_id=168"},"modified":"2024-11-05T12:17:09","modified_gmt":"2024-11-05T11:17:09","slug":"mentions-legales","status":"publish","type":"page","link":"https:\/\/www.faitesdelascience.com\/?page_id=168","title":{"rendered":"Mentions l\u00e9gales"},"content":{"rendered":"<p><strong>Site internet du concours national \u00ab\u00a0Faites de la science\u00a0\u00bb organis\u00e9 sous l&rsquo;\u00e9gide de la CDUS<\/strong><\/p>\n<p><strong>Nom de l&rsquo;association<\/strong><br \/>Conf\u00e9rence des doyens et directeurs des UFR scientifiques, association de type 1901 qui regroupe les doyens et directeurs d&rsquo;unit\u00e9s de formation et de recherche de sciences des universit\u00e9s fran\u00e7aises<\/p>\n<p><strong>Adresse<\/strong><br \/>Amue &#8211; CDUS <br \/>2, rue Albert Einstein <br \/>75013 Paris<\/p>\n<p><strong>Directrice de la publication<\/strong> <br \/>Chantal Gauthier, Pr\u00e9sidente de la CDUS<br \/><br \/>Anass Nagih, Charg\u00e9 du concours \u00ab\u00a0Faites de la science\u00a0\u00bb pour la CDUS<br \/>Sylviane Audet, Charg\u00e9e du site web du concours \u00ab\u00a0Faites de la science\u00a0\u00bb<\/p>\n<p><strong>H\u00e9bergeur<\/strong><br \/>LACL &#8211; Universit\u00e9 Paris-Est Cr\u00e9teil Val de Marne (UPEC)<\/p>\n<p><strong>Logiciel<\/strong><br \/>WordPress<\/p>\n\n\n<p><\/p>\n","protected":false},"excerpt":{"rendered":"<p>Site internet du concours national \u00ab\u00a0Faites de la science\u00a0\u00bb organis\u00e9 sous l&rsquo;\u00e9gide de la CDUS Nom de l&rsquo;associationConf\u00e9rence des doyens et directeurs des UFR scientifiques, association de type 1901 qui regroupe les doyens et directeurs d&rsquo;unit\u00e9s de formation et de recherche de sciences des universit\u00e9s fran\u00e7aises AdresseAmue &#8211; CDUS 2, rue Albert Einstein 75013 Paris [&hellip;]<\/p>\n","protected":false},"author":2,"featured_media":0,"parent":0,"menu_order":0,"comment_status":"closed","ping_status":"closed","template":"","meta":{"footnotes":""},"_links":{"self":[{"href":"https:\/\/www.faitesdelascience.com\/index.php?rest_route=\/wp\/v2\/pages\/168"}],"collection":[{"href":"https:\/\/www.faitesdelascience.com\/index.php?rest_route=\/wp\/v2\/pages"}],"about":[{"href":"https:\/\/www.faitesdelascience.com\/index.php?rest_route=\/wp\/v2\/types\/page"}],"author":[{"embeddable":true,"href":"https:\/\/www.faitesdelascience.com\/index.php?rest_route=\/wp\/v2\/users\/2"}],"replies":[{"embeddable":true,"href":"https:\/\/www.faitesdelascience.com\/index.php?rest_route=%2Fwp%2Fv2%2Fcomments&post=168"}],"version-history":[{"count":9,"href":"https:\/\/www.faitesdelascience.com\/index.php?rest_route=\/wp\/v2\/pages\/168\/revisions"}],"predecessor-version":[{"id":997,"href":"https:\/\/www.faitesdelascience.com\/index.php?rest_route=\/wp\/v2\/pages\/168\/revisions\/997"}],"wp:attachment":[{"href":"https:\/\/www.faitesdelascience.com\/index.php?rest_route=%2Fwp%2Fv2%2Fmedia&parent=168"}],"curies":[{"name":"wp","href":"https:\/\/api.w.org\/{rel}","templated":true}]}}