{"id":350,"date":"2022-03-18T15:43:58","date_gmt":"2022-03-18T14:43:58","guid":{"rendered":"https:\/\/www.faitesdelascience.com\/?page_id=350"},"modified":"2026-04-16T14:22:46","modified_gmt":"2026-04-16T12:22:46","slug":"informations-pratiques","status":"publish","type":"page","link":"https:\/\/www.faitesdelascience.com\/?page_id=350","title":{"rendered":"Programme"},"content":{"rendered":"\n<p><\/p>\n\n\n<p>Tous les groupes ayant remport\u00e9 leur s\u00e9lection r\u00e9gionale seront accueillis pendant 3 jours \u00e0 l&rsquo;Universit\u00e9 de Bretagne Occidentale dans les locaux de la facult\u00e9 des sciences et techniques.<\/p>\n<p>Chaque groupe est compos\u00e9 de 5 \u00e9l\u00e8ves et de 2 enseignants. <br \/>Le concours proprement dit a eu lieu sur une journ\u00e9e mais la manifestation dans sa totalit\u00e9 se d\u00e9roulera sur 3 jours, du jeudi 4 au samedi 6 juin 2026.<\/p>\n<hr \/>\n<p><a href=\"https:\/\/www.faitesdelascience.com\/wp-content\/uploads\/2026\/04\/Concours-national-FAITES-DE-LA-SCIENCE-4-5-6-juin-2026_programme.pdf\">&gt; Programme du concours national Faites de la science \u00e0 Brest\u00a0<\/a><\/p>\n\n\n<p class=\"has-small-font-size\"><\/p>\n\n\n\n<p><br><\/p>\n\n\n\n<p><br><\/p>\n\n\n\n<p><br><br><br><br><br><br><\/p>\n","protected":false},"excerpt":{"rendered":"<p>Tous les groupes ayant remport\u00e9 leur s\u00e9lection r\u00e9gionale seront accueillis pendant 3 jours \u00e0 l&rsquo;Universit\u00e9 de Bretagne Occidentale dans les locaux de la facult\u00e9 des sciences et techniques. Chaque groupe est compos\u00e9 de 5 \u00e9l\u00e8ves et de 2 enseignants. Le concours proprement dit a eu lieu sur une journ\u00e9e mais la manifestation dans sa totalit\u00e9 [&hellip;]<\/p>\n","protected":false},"author":2,"featured_media":0,"parent":0,"menu_order":0,"comment_status":"closed","ping_status":"closed","template":"","meta":{"footnotes":""},"_links":{"self":[{"href":"https:\/\/www.faitesdelascience.com\/index.php?rest_route=\/wp\/v2\/pages\/350"}],"collection":[{"href":"https:\/\/www.faitesdelascience.com\/index.php?rest_route=\/wp\/v2\/pages"}],"about":[{"href":"https:\/\/www.faitesdelascience.com\/index.php?rest_route=\/wp\/v2\/types\/page"}],"author":[{"embeddable":true,"href":"https:\/\/www.faitesdelascience.com\/index.php?rest_route=\/wp\/v2\/users\/2"}],"replies":[{"embeddable":true,"href":"https:\/\/www.faitesdelascience.com\/index.php?rest_route=%2Fwp%2Fv2%2Fcomments&post=350"}],"version-history":[{"count":108,"href":"https:\/\/www.faitesdelascience.com\/index.php?rest_route=\/wp\/v2\/pages\/350\/revisions"}],"predecessor-version":[{"id":1207,"href":"https:\/\/www.faitesdelascience.com\/index.php?rest_route=\/wp\/v2\/pages\/350\/revisions\/1207"}],"wp:attachment":[{"href":"https:\/\/www.faitesdelascience.com\/index.php?rest_route=%2Fwp%2Fv2%2Fmedia&parent=350"}],"curies":[{"name":"wp","href":"https:\/\/api.w.org\/{rel}","templated":true}]}}