{"id":70,"date":"2020-06-03T10:27:25","date_gmt":"2020-06-03T08:27:25","guid":{"rendered":"https:\/\/www.faitesdelascience.com\/?page_id=70"},"modified":"2024-11-05T12:12:43","modified_gmt":"2024-11-05T11:12:43","slug":"bienvenue-sur-le-site-du-concours-faites-de-la-science","status":"publish","type":"page","link":"https:\/\/www.faitesdelascience.com\/","title":{"rendered":"Bienvenue sur le site du concours \u00ab\u00a0Faites de la science\u00a0\u00bb"},"content":{"rendered":"<h5 style=\"text-align: center;\">Vous trouverez ici toutes les informations <br \/>concernant le concours national \u00ab\u00a0Faites de la science\u00a0\u00bb.<\/h5>\n<hr \/>\n<p>Tous les ans, de nombreuses universit\u00e9s fran\u00e7aises participent au concours national. Elles organisent d&rsquo;abord une phase locale au cours de laquelle sont d\u00e9sign\u00e9s les \u00e9l\u00e8ves laur\u00e9ats qui iront ensuite au concours national d\u00e9fendre leurs couleurs. Chaque universit\u00e9 participante d\u00e9cide de la date de son <a href=\"https:\/\/www.faitesdelascience.com\/?page_id=112\">forum r\u00e9gional<\/a>, suivant les <a href=\"https:\/\/www.faitesdelascience.com\/?page_id=94\">modalit\u00e9s<\/a> stipul\u00e9es dans le r\u00e8glement.<\/p>\n<p>G\u00e9n\u00e9ralement, le lieu du concours national change tous les ans. Il d\u00e9pend de l&rsquo;universit\u00e9 qui d\u00e9cide de prendre en charge son organisation. Nombreuses sont les universit\u00e9s qui ont d\u00e9j\u00e0 organis\u00e9 la <a href=\"https:\/\/www.faitesdelascience.com\/?page_id=119\">finale nationale<\/a>.<\/p>\n\n\n<div class=\"wp-block-cover is-light\" style=\"min-height:227px\"><span aria-hidden=\"true\" class=\"wp-block-cover__background has-background-dim wp-block-cover__gradient-background has-background-gradient\" style=\"background:linear-gradient(176deg,rgb(2,3,129) 30%,rgb(40,116,252) 72%)\"><\/span><img decoding=\"async\" loading=\"lazy\" width=\"580\" height=\"217\" class=\"wp-block-cover__image-background wp-image-163\" alt=\"\" src=\"https:\/\/www.faitesdelascience.com\/wp-content\/uploads\/2020\/06\/580x217-shutterstock_1070687963.jpg\" style=\"object-position:47% 71%\" data-object-fit=\"cover\" data-object-position=\"47% 71%\" srcset=\"https:\/\/www.faitesdelascience.com\/wp-content\/uploads\/2020\/06\/580x217-shutterstock_1070687963.jpg 580w, https:\/\/www.faitesdelascience.com\/wp-content\/uploads\/2020\/06\/580x217-shutterstock_1070687963-300x112.jpg 300w\" sizes=\"(max-width: 580px) 100vw, 580px\" \/><div class=\"wp-block-cover__inner-container is-layout-flow wp-block-cover-is-layout-flow\">\n<p class=\"has-text-align-center has-very-light-gray-color has-text-color has-large-font-size\">Jeunes scientifiques en  herbe<\/p>\n<\/div><\/div>\n\n\n\n<p><\/p>\n","protected":false},"excerpt":{"rendered":"<p>Vous trouverez ici toutes les informations concernant le concours national \u00ab\u00a0Faites de la science\u00a0\u00bb. Tous les ans, de nombreuses universit\u00e9s fran\u00e7aises participent au concours national. Elles organisent d&rsquo;abord une phase locale au cours de laquelle sont d\u00e9sign\u00e9s les \u00e9l\u00e8ves laur\u00e9ats qui iront ensuite au concours national d\u00e9fendre leurs couleurs. Chaque universit\u00e9 participante d\u00e9cide de la [&hellip;]<\/p>\n","protected":false},"author":2,"featured_media":0,"parent":0,"menu_order":0,"comment_status":"closed","ping_status":"closed","template":"","meta":{"footnotes":""},"_links":{"self":[{"href":"https:\/\/www.faitesdelascience.com\/index.php?rest_route=\/wp\/v2\/pages\/70"}],"collection":[{"href":"https:\/\/www.faitesdelascience.com\/index.php?rest_route=\/wp\/v2\/pages"}],"about":[{"href":"https:\/\/www.faitesdelascience.com\/index.php?rest_route=\/wp\/v2\/types\/page"}],"author":[{"embeddable":true,"href":"https:\/\/www.faitesdelascience.com\/index.php?rest_route=\/wp\/v2\/users\/2"}],"replies":[{"embeddable":true,"href":"https:\/\/www.faitesdelascience.com\/index.php?rest_route=%2Fwp%2Fv2%2Fcomments&post=70"}],"version-history":[{"count":40,"href":"https:\/\/www.faitesdelascience.com\/index.php?rest_route=\/wp\/v2\/pages\/70\/revisions"}],"predecessor-version":[{"id":995,"href":"https:\/\/www.faitesdelascience.com\/index.php?rest_route=\/wp\/v2\/pages\/70\/revisions\/995"}],"wp:attachment":[{"href":"https:\/\/www.faitesdelascience.com\/index.php?rest_route=%2Fwp%2Fv2%2Fmedia&parent=70"}],"curies":[{"name":"wp","href":"https:\/\/api.w.org\/{rel}","templated":true}]}}