{"id":725,"date":"2023-09-06T16:03:27","date_gmt":"2023-09-06T14:03:27","guid":{"rendered":"https:\/\/www.faitesdelascience.com\/?page_id=725"},"modified":"2023-09-06T16:03:27","modified_gmt":"2023-09-06T14:03:27","slug":"projets-qualifies-en-2022-2023","status":"publish","type":"page","link":"https:\/\/www.faitesdelascience.com\/?page_id=725","title":{"rendered":"Projets qualifi\u00e9s en 2022-2023"},"content":{"rendered":"\n<p><strong>Universit\u00e9 de Brest<\/strong><br>Projet \u00ab Du lait au yaourt&#8230; et au-del\u00e0 \u00bb du coll\u00e8ge Charles Le Goffic de Lannion (22)<\/p>\n\n\n\n<p><strong>Nantes Universit\u00e9<\/strong><br>Projet \u00ab Oc\u00e9an plastique \u00bb du coll\u00e8ge Jean Moun\u00e8s de Pornic (44)<\/p>\n\n\n\n<p><strong>Le Mans Universit\u00e9<\/strong><br>Projet \u00ab Sol\u00e8se Fo\u00efots \u00bb du coll\u00e8ge Georges Pompidou de Champtoceaux Or\u00e9e d&rsquo;Anjou (49)<\/p>\n\n\n\n<p><strong>Universit\u00e9 d\u2019Angers<\/strong><br>Projet \u00ab Peut-on cr\u00e9er du feu froid ? \u00bb du coll\u00e8ge de l&rsquo;Angl\u00e9e &#8211; Sainte Hermine (85)<\/p>\n\n\n\n<p><strong>Universit\u00e9 Jules Verne de Picardie<\/strong><br>Projet \u00ab Rover Sand \u00bb du coll\u00e8ge Georges Sand de Beauvais (60)<\/p>\n\n\n\n<p><strong>Universit\u00e9 de Poitiers<\/strong><br>Projet \u00ab Descente magn\u00e9tique \u00bb du lyc\u00e9e Pilote Innovant International (LP2i) de Jaunay-Marigny (86)<\/p>\n\n\n\n<p><strong>Universit\u00e9 de Limoges<\/strong><br>Projet \u00ab PIL&rsquo;PLUS \u00bb du coll\u00e8ge Paul Langevin de Saint-Junien (87)<\/p>\n\n\n\n<p><strong>Universit\u00e9 de La Rochelle<\/strong><br>Projet \u00ab Vortex \u00bb du coll\u00e8ge du Pertuis d&rsquo;Antioche de Saint-Pierre d&rsquo;Ol\u00e9ron (17)<\/p>\n\n\n\n<p><strong>Universit\u00e9 de Toulon<\/strong><br>Projet \u00ab Construction d\u2019un robot t\u00e9l\u00e9command\u00e9 permettant une prise de donn\u00e9es physico-chimique dans l\u2019eau du Gapeau ainsi qu\u2019une d\u00e9pollution par filtration \u00bb du coll\u00e8ge de&nbsp; la vall\u00e9e du Gapeau de Solli\u00e8s-Pont (10)<\/p>\n\n\n\n<p><strong>Universit\u00e9 de Toulouse<\/strong><br>Projet \u00ab Le noir, c&rsquo;est clair \u00bb du coll\u00e8ge Lucie Aubrac de Rieupeyroux (12)<\/p>\n\n\n\n<p><strong>Universit\u00e9 d\u2019Aix-Marseille<\/strong><br>Projet \u00ab Efficacit\u00e9 \u00e9nerg\u00e9tique : r\u00e9fl\u00e9chir, comprendre, agir \u00bb du coll\u00e8ge Vallis Aeria de Valr\u00e9as (84)<\/p>\n\n\n\n<p><strong>Universit\u00e9 de Montpellier<\/strong><br>Projet \u00ab L&rsquo;Ecocotte&nbsp; \u00bb du lyc\u00e9e Joffre de Montpellier (34)<\/p>\n\n\n\n<p><strong>Universit\u00e9 Jean Monnet de Saint-Etienne<\/strong><br>Projet \u00ab Faire des Econ&rsquo;EAUmie d&rsquo;eau au jardin \u00bb du coll\u00e8ge Jean-Jacques Rousseau de Saint-Etienne (42)<\/p>\n\n\n\n<p><strong>Universit\u00e9 de Corse<\/strong><br>Projet \u00ab Le voyage du son dans le jardin de Pos\u00e9idon \u00bb du Coll\u00e8ge Jeanne d&rsquo;Arc de Bastia (20)<\/p>\n\n\n\n<p><strong>Universit\u00e9 Paris-Est Cr\u00e9teil<\/strong><br>Projet \u00ab Si t&rsquo;es fier d&rsquo;\u00eatre un melon, frappe dans tes mains ! \u00bb du coll\u00e8ge Moli\u00e8re de Chennevi\u00e8res-sur-Marne (94)<\/p>\n","protected":false},"excerpt":{"rendered":"<p>Universit\u00e9 de BrestProjet \u00ab Du lait au yaourt&#8230; et au-del\u00e0 \u00bb du coll\u00e8ge Charles Le Goffic de Lannion (22) Nantes Universit\u00e9Projet \u00ab Oc\u00e9an plastique \u00bb du coll\u00e8ge Jean Moun\u00e8s de Pornic (44) Le Mans Universit\u00e9Projet \u00ab Sol\u00e8se Fo\u00efots \u00bb du coll\u00e8ge Georges Pompidou de Champtoceaux Or\u00e9e d&rsquo;Anjou (49) Universit\u00e9 d\u2019AngersProjet \u00ab Peut-on cr\u00e9er du feu [&hellip;]<\/p>\n","protected":false},"author":2,"featured_media":0,"parent":0,"menu_order":0,"comment_status":"closed","ping_status":"closed","template":"","meta":{"footnotes":""},"_links":{"self":[{"href":"https:\/\/www.faitesdelascience.com\/index.php?rest_route=\/wp\/v2\/pages\/725"}],"collection":[{"href":"https:\/\/www.faitesdelascience.com\/index.php?rest_route=\/wp\/v2\/pages"}],"about":[{"href":"https:\/\/www.faitesdelascience.com\/index.php?rest_route=\/wp\/v2\/types\/page"}],"author":[{"embeddable":true,"href":"https:\/\/www.faitesdelascience.com\/index.php?rest_route=\/wp\/v2\/users\/2"}],"replies":[{"embeddable":true,"href":"https:\/\/www.faitesdelascience.com\/index.php?rest_route=%2Fwp%2Fv2%2Fcomments&post=725"}],"version-history":[{"count":2,"href":"https:\/\/www.faitesdelascience.com\/index.php?rest_route=\/wp\/v2\/pages\/725\/revisions"}],"predecessor-version":[{"id":729,"href":"https:\/\/www.faitesdelascience.com\/index.php?rest_route=\/wp\/v2\/pages\/725\/revisions\/729"}],"wp:attachment":[{"href":"https:\/\/www.faitesdelascience.com\/index.php?rest_route=%2Fwp%2Fv2%2Fmedia&parent=725"}],"curies":[{"name":"wp","href":"https:\/\/api.w.org\/{rel}","templated":true}]}}