{"id":787,"date":"2023-10-17T11:13:23","date_gmt":"2023-10-17T09:13:23","guid":{"rendered":"https:\/\/www.faitesdelascience.com\/?page_id=787"},"modified":"2024-09-03T15:55:25","modified_gmt":"2024-09-03T13:55:25","slug":"logo-du-concours-regional-fds","status":"publish","type":"page","link":"https:\/\/www.faitesdelascience.com\/?page_id=787","title":{"rendered":"Logo du concours r\u00e9gional FDS"},"content":{"rendered":"\n<figure class=\"wp-block-image size-large is-resized\"><img decoding=\"async\" loading=\"lazy\" width=\"1024\" height=\"441\" src=\"https:\/\/www.faitesdelascience.com\/wp-content\/uploads\/2024\/09\/FAITES-DE-LA-SCIENCE_2024_Logo_regional_RVB-1024x441.jpg\" alt=\"\" class=\"wp-image-927\" style=\"aspect-ratio:2.3219954648526078;width:337px;height:auto\" srcset=\"https:\/\/www.faitesdelascience.com\/wp-content\/uploads\/2024\/09\/FAITES-DE-LA-SCIENCE_2024_Logo_regional_RVB-1024x441.jpg 1024w, https:\/\/www.faitesdelascience.com\/wp-content\/uploads\/2024\/09\/FAITES-DE-LA-SCIENCE_2024_Logo_regional_RVB-300x129.jpg 300w, https:\/\/www.faitesdelascience.com\/wp-content\/uploads\/2024\/09\/FAITES-DE-LA-SCIENCE_2024_Logo_regional_RVB-768x331.jpg 768w, https:\/\/www.faitesdelascience.com\/wp-content\/uploads\/2024\/09\/FAITES-DE-LA-SCIENCE_2024_Logo_regional_RVB-1536x661.jpg 1536w, https:\/\/www.faitesdelascience.com\/wp-content\/uploads\/2024\/09\/FAITES-DE-LA-SCIENCE_2024_Logo_regional_RVB-2048x881.jpg 2048w, https:\/\/www.faitesdelascience.com\/wp-content\/uploads\/2024\/09\/FAITES-DE-LA-SCIENCE_2024_Logo_regional_RVB-620x267.jpg 620w\" sizes=\"(max-width: 1024px) 100vw, 1024px\" \/><\/figure>\n\n\n\n<p><strong>A t\u00e9l\u00e9charger<\/strong><br><a href=\"https:\/\/www.faitesdelascience.com\/wp-content\/uploads\/2024\/09\/FAITES-DE-LA-SCIENCE_2024_Logo_regional_RVB-scaled.jpg\">&gt; Format .jpg<\/a><br><a href=\"https:\/\/www.faitesdelascience.com\/wp-content\/uploads\/2024\/09\/FAITES-DE-LA-SCIENCE_2024_Logo_regional_CMJN.pdf\">&gt; Format .pdf<\/a><\/p>\n\n\n\n<p><\/p>\n\n\n\n<p>Pour tout autre format, envoyer votre demande \u00e0 l&rsquo;adresse suivante : <a href=\"mailto:faites%2Escience%40u-pec%2Efr\">faites.science@u-pec.fr<\/a><\/p>\n\n\n\n<p>&gt; <a href=\"https:\/\/www.faitesdelascience.com\/wp-admin\/post.php?post=908&amp;action=edit\">Pour en savoir plus sur le logo<\/a><\/p>\n\n\n\n<blockquote class=\"wp-block-quote\">\n<p><\/p>\n<\/blockquote>\n","protected":false},"excerpt":{"rendered":"<p>A t\u00e9l\u00e9charger&gt; Format .jpg&gt; Format .pdf Pour tout autre format, envoyer votre demande \u00e0 l&rsquo;adresse suivante : faites.science@u-pec.fr &gt; Pour en savoir plus sur le logo<\/p>\n","protected":false},"author":2,"featured_media":0,"parent":0,"menu_order":0,"comment_status":"closed","ping_status":"closed","template":"","meta":{"footnotes":""},"_links":{"self":[{"href":"https:\/\/www.faitesdelascience.com\/index.php?rest_route=\/wp\/v2\/pages\/787"}],"collection":[{"href":"https:\/\/www.faitesdelascience.com\/index.php?rest_route=\/wp\/v2\/pages"}],"about":[{"href":"https:\/\/www.faitesdelascience.com\/index.php?rest_route=\/wp\/v2\/types\/page"}],"author":[{"embeddable":true,"href":"https:\/\/www.faitesdelascience.com\/index.php?rest_route=\/wp\/v2\/users\/2"}],"replies":[{"embeddable":true,"href":"https:\/\/www.faitesdelascience.com\/index.php?rest_route=%2Fwp%2Fv2%2Fcomments&post=787"}],"version-history":[{"count":22,"href":"https:\/\/www.faitesdelascience.com\/index.php?rest_route=\/wp\/v2\/pages\/787\/revisions"}],"predecessor-version":[{"id":947,"href":"https:\/\/www.faitesdelascience.com\/index.php?rest_route=\/wp\/v2\/pages\/787\/revisions\/947"}],"wp:attachment":[{"href":"https:\/\/www.faitesdelascience.com\/index.php?rest_route=%2Fwp%2Fv2%2Fmedia&parent=787"}],"curies":[{"name":"wp","href":"https:\/\/api.w.org\/{rel}","templated":true}]}}