{"id":94,"date":"2020-06-03T14:18:09","date_gmt":"2020-06-03T12:18:09","guid":{"rendered":"https:\/\/www.faitesdelascience.com\/?page_id=94"},"modified":"2023-10-25T18:43:50","modified_gmt":"2023-10-25T16:43:50","slug":"modalites-du-concours","status":"publish","type":"page","link":"https:\/\/www.faitesdelascience.com\/?page_id=94","title":{"rendered":"Modalit\u00e9s du concours"},"content":{"rendered":"<p>Pour participer au concours Faites de la science, les \u00e9tablissements doivent envoyer un dossier de candidature qui leur est transmis par les universit\u00e9s organisatrices du concours local.<br \/>\n<a href=\"https:\/\/www.faitesdelascience.com\/?page_id=96\">&gt; T\u00e9l\u00e9charger le dossier de candidature<\/a><\/p>\n<p>Le concours \u00ab\u00a0Faites de la science\u00a0\u00bb est organis\u00e9 selon un r\u00e8glement g\u00e9n\u00e9ral \u00e9tabli par la CDUS. Ce r\u00e8glement doit \u00eatre connu de tous les \u00e9tablissements participants.<br \/>\n<a href=\"https:\/\/www.faitesdelascience.com\/?page_id=98\">&gt; En savoir plus<\/a><\/p>\n<p>En vue d&rsquo;informer sur le d\u00e9roulement de\u00a0 la finale nationale dans ses locaux, l&rsquo;universit\u00e9 organisatrice compl\u00e8te le r\u00e8glement g\u00e9n\u00e9ral selon ses besoins.<br \/>\n<a href=\"https:\/\/www.faitesdelascience.com\/?page_id=103\">&gt; En savoir plus<\/a><\/p>\n","protected":false},"excerpt":{"rendered":"<p>Pour participer au concours Faites de la science, les \u00e9tablissements doivent envoyer un dossier de candidature qui leur est transmis par les universit\u00e9s organisatrices du concours local. &gt; T\u00e9l\u00e9charger le dossier de candidature Le concours \u00ab\u00a0Faites de la science\u00a0\u00bb est organis\u00e9 selon un r\u00e8glement g\u00e9n\u00e9ral \u00e9tabli par la CDUS. Ce r\u00e8glement doit \u00eatre connu de [&hellip;]<\/p>\n","protected":false},"author":2,"featured_media":0,"parent":0,"menu_order":0,"comment_status":"closed","ping_status":"closed","template":"","meta":{"footnotes":""},"_links":{"self":[{"href":"https:\/\/www.faitesdelascience.com\/index.php?rest_route=\/wp\/v2\/pages\/94"}],"collection":[{"href":"https:\/\/www.faitesdelascience.com\/index.php?rest_route=\/wp\/v2\/pages"}],"about":[{"href":"https:\/\/www.faitesdelascience.com\/index.php?rest_route=\/wp\/v2\/types\/page"}],"author":[{"embeddable":true,"href":"https:\/\/www.faitesdelascience.com\/index.php?rest_route=\/wp\/v2\/users\/2"}],"replies":[{"embeddable":true,"href":"https:\/\/www.faitesdelascience.com\/index.php?rest_route=%2Fwp%2Fv2%2Fcomments&post=94"}],"version-history":[{"count":4,"href":"https:\/\/www.faitesdelascience.com\/index.php?rest_route=\/wp\/v2\/pages\/94\/revisions"}],"predecessor-version":[{"id":815,"href":"https:\/\/www.faitesdelascience.com\/index.php?rest_route=\/wp\/v2\/pages\/94\/revisions\/815"}],"wp:attachment":[{"href":"https:\/\/www.faitesdelascience.com\/index.php?rest_route=%2Fwp%2Fv2%2Fmedia&parent=94"}],"curies":[{"name":"wp","href":"https:\/\/api.w.org\/{rel}","templated":true}]}}