{"id":965,"date":"2024-10-04T16:27:03","date_gmt":"2024-10-04T14:27:03","guid":{"rendered":"https:\/\/www.faitesdelascience.com\/?page_id=965"},"modified":"2025-07-01T12:56:19","modified_gmt":"2025-07-01T10:56:19","slug":"projets-qualifies-en-2024-2025","status":"publish","type":"page","link":"https:\/\/www.faitesdelascience.com\/?page_id=965","title":{"rendered":"Projets qualifi\u00e9s en 2024-2025"},"content":{"rendered":"\n<p><strong>Universit\u00e9 de Poitiers<\/strong><br>Projet \u00ab\u00a0Tu tires ou tu pointes ? Une histoire qui fait des vagues\u00a0\u00bb &#8211; Lyc\u00e9e Pilote Innovant International de Jaunay-Marigny (86)<\/p>\n\n\n\n<p><strong>Universit\u00e9 de La Rochelle <\/strong><br>Projet \u00ab\u00a0La vague verte\u00a0\u00bb &#8211;  Coll\u00e8ge du Pertuis d&rsquo;Antioche de Saint-Pierre d&rsquo;Ol\u00e9ron (17)<br><br><strong>Universit\u00e9 de Toulouse <\/strong><br>Projet \u00ab\u00a0Des chocolats haut en couleurs\u00a0\u00bb &#8211; Coll\u00e8ge Lucie Aubrac de Rieupeyroux (12)<\/p>\n\n\n\n<p><strong>Universit\u00e9 de Montpellier<\/strong><br>Projet \u00ab\u00a0Notre serre bioclimatique\u00a0\u00bb &#8211; Coll\u00e8ge Capouchin\u00e9 de N\u00eemes (30)<\/p>\n\n\n\n<p><strong>Nantes Universit\u00e9<\/strong><br>Projet \u00ab\u00a0Comment se fait-il que certaines encres soient effa\u00e7ables ?\u00a0\u00bb &#8211; Coll\u00e8ge de l&rsquo;Angl\u00e9e de Sainte-Hermine (85)<br><br><strong>Universit\u00e9 de Bourgogne<\/strong><br>Projet \u00ab\u00a0Four solaire Mouchot 2.0\u00a0\u00bb &#8211; Coll\u00e8ge Christiane Perceret de Semur en Auxois (21)<br><br><strong>Universit\u00e9 de Corse<\/strong><br>Projet \u00ab\u00a0Un g\u00e9lifiant \u00e9co-responsable\u00a0\u00bb &#8211; Coll\u00e8ge de Biguglia (Haute-Corse)<strong> <\/strong><\/p>\n\n\n\n<p><strong>Universit\u00e9 de Limoges<\/strong><br>Projet \u00ab\u00a0Le projet Ecod&rsquo;eau (comment r\u00e9duire le gaspillage d&rsquo;eau domestique) ?\u00a0\u00bb &#8211; Coll\u00e8ge Albert Calmette de Limoges (87)<br><br><strong>Universit\u00e9 Paris-Est Cr\u00e9teil<\/strong><br>Projet \u00ab\u00a0Les anthotypes\u00a0\u00bb &#8211; Coll\u00e8ge Moli\u00e8re de Chennevi\u00e8res-sur-Marne (94)<br><br><strong>Universit\u00e9 Picardie Jules Verne <\/strong><br>Projet \u00ab\u00a0On va vous coller !\u00a0\u00bb &#8211; Coll\u00e8ge Simone Veil de Wassigny (02)<br><br><strong>Universit\u00e9 de Toulon<\/strong><br>Projet \u00ab\u00a0Echofloat\u00a0\u00bb &#8211; Lyc\u00e9e Henri Matisse de Vence (06)<br><br><strong>Universit\u00e9 de Bretagne occidentale <\/strong><br>Projet \u00ab\u00a0Peut-on faire voler un ballon sur Mars pour la cartographier ?\u00a0\u00bb &#8211; Coll\u00e8ge Charles Le Goffic de Lannion (22)<br><br><strong>Universit\u00e9 de Lille<\/strong><br>Projet \u00ab\u00a0Tournelux\u00a0\u00bb &#8211; Lyc\u00e9e des Flandres de Hazebrouck (59)<\/p>\n\n\n\n<p><strong>Aix-Marseille Universit\u00e9<\/strong><br>Projet \u00ab\u00a0Emo&rsquo;Box\u00a0\u00bb &#8211; Coll\u00e8ge Pesquier de Gardanne (13)<br><br><strong>Universit\u00e9 de Perpignan via Domitia<\/strong><br>Projet \u00ab\u00a0Phymat\u00a0\u00bb &#8211; Coll\u00e8ge Jeanne d\u2019Arc de Perpignan (66)<\/p>\n\n\n\n<p><\/p>\n\n\n\n<p><\/p>\n\n\n\n<p><\/p>\n\n\n\n<blockquote class=\"wp-block-quote\">\n<blockquote class=\"wp-block-quote\">\n<blockquote class=\"wp-block-quote\">\n<blockquote class=\"wp-block-quote\">\n<blockquote class=\"wp-block-quote\">\n<blockquote class=\"wp-block-quote\">\n<blockquote class=\"wp-block-quote\">\n<blockquote class=\"wp-block-quote\">\n<p><a href=\"https:\/\/www.faitesdelascience.com\/?page_id=122\">Revoir les r\u00e9sultats de la 17e \u00e9dition (2023-2024)<\/a><br><a href=\"https:\/\/www.faitesdelascience.com\/?page_id=725\">Revoir les r\u00e9sultats de la 16e \u00e9dition (2022-2023)<\/a><br><a href=\"https:\/\/www.faitesdelascience.com\/?page_id=438\">Revoir les r\u00e9sultats de la 15e \u00e9dition (2021-2022)<\/a><\/p>\n<\/blockquote>\n<\/blockquote>\n<\/blockquote>\n<\/blockquote>\n<\/blockquote>\n<\/blockquote>\n<\/blockquote>\n<\/blockquote>\n","protected":false},"excerpt":{"rendered":"<p>Universit\u00e9 de PoitiersProjet \u00ab\u00a0Tu tires ou tu pointes ? Une histoire qui fait des vagues\u00a0\u00bb &#8211; Lyc\u00e9e Pilote Innovant International de Jaunay-Marigny (86) Universit\u00e9 de La Rochelle Projet \u00ab\u00a0La vague verte\u00a0\u00bb &#8211; Coll\u00e8ge du Pertuis d&rsquo;Antioche de Saint-Pierre d&rsquo;Ol\u00e9ron (17) Universit\u00e9 de Toulouse Projet \u00ab\u00a0Des chocolats haut en couleurs\u00a0\u00bb &#8211; Coll\u00e8ge Lucie Aubrac de Rieupeyroux [&hellip;]<\/p>\n","protected":false},"author":2,"featured_media":0,"parent":0,"menu_order":0,"comment_status":"closed","ping_status":"closed","template":"","meta":{"footnotes":""},"_links":{"self":[{"href":"https:\/\/www.faitesdelascience.com\/index.php?rest_route=\/wp\/v2\/pages\/965"}],"collection":[{"href":"https:\/\/www.faitesdelascience.com\/index.php?rest_route=\/wp\/v2\/pages"}],"about":[{"href":"https:\/\/www.faitesdelascience.com\/index.php?rest_route=\/wp\/v2\/types\/page"}],"author":[{"embeddable":true,"href":"https:\/\/www.faitesdelascience.com\/index.php?rest_route=\/wp\/v2\/users\/2"}],"replies":[{"embeddable":true,"href":"https:\/\/www.faitesdelascience.com\/index.php?rest_route=%2Fwp%2Fv2%2Fcomments&post=965"}],"version-history":[{"count":26,"href":"https:\/\/www.faitesdelascience.com\/index.php?rest_route=\/wp\/v2\/pages\/965\/revisions"}],"predecessor-version":[{"id":1130,"href":"https:\/\/www.faitesdelascience.com\/index.php?rest_route=\/wp\/v2\/pages\/965\/revisions\/1130"}],"wp:attachment":[{"href":"https:\/\/www.faitesdelascience.com\/index.php?rest_route=%2Fwp%2Fv2%2Fmedia&parent=965"}],"curies":[{"name":"wp","href":"https:\/\/api.w.org\/{rel}","templated":true}]}}